{"id":6,"date":"2016-07-15T15:29:33","date_gmt":"2016-07-15T15:29:33","guid":{"rendered":"http:\/\/rossdemexico.com\/rv1\/?page_id=6"},"modified":"2016-07-15T16:43:04","modified_gmt":"2016-07-15T16:43:04","slug":"conocenos","status":"publish","type":"page","link":"http:\/\/rossdemexico.com\/rv1\/?page_id=6","title":{"rendered":"Con\u00f3cenos"},"content":{"rendered":"<p><strong>Historia<\/strong><\/p>\n<p align=\"justify\">Ross de M\u00e9xico nace en agosto del a\u00f1o 2001, incursionando en el \u00e1rea metal-mec\u00e1nica, desarrollando nuevas t\u00e9cnicas el la producci\u00f3n y elaboraci\u00f3n de partes automotrices.<br \/>\nCon el paso de los a\u00f1os hemos logrado abrir las puertas ante clientes por toda la republica mexicana tales como Ciudad de M\u00e9xico, Monterrey, Nuevo Laredo, La Piedad Michoac\u00e1n entre otros.<br \/>\n4 a\u00f1os m\u00e1s tarde con la idea del desarrollo de nuevas \u00e1reas y empleos emerge un nuevo campo textil, desarrollando nuevos productos logrando trabajar con empresas importantes a nivel nacional como Urrea Profesional de Herramientas S.A. de CV, DIF Jalisco, Distribuidora ALLEN entre otros.<br \/>\nEn la actualidad se sigue trabajando en estas \u00e1reas haci\u00e9ndose cada d\u00eda mas fuerte su experiencia y siempre con la b\u00fasqueda de nuevas oportunidades<\/p>\n","protected":false},"excerpt":{"rendered":"<p>Historia Ross de M\u00e9xico nace en agosto del a\u00f1o 2001, incursionando en el \u00e1rea metal-mec\u00e1nica, desarrollando nuevas t\u00e9cnicas el la producci\u00f3n y elaboraci\u00f3n de partes automotrices. Con el paso de los a\u00f1os hemos logrado abrir las puertas ante clientes por toda la republica mexicana tales como Ciudad de M\u00e9xico, Monterrey, Nuevo Laredo, La Piedad Michoac\u00e1n [&hellip;]<\/p>\n","protected":false},"author":1,"featured_media":11,"parent":0,"menu_order":2,"comment_status":"open","ping_status":"open","template":"","meta":{"footnotes":""},"class_list":["post-6","page","type-page","status-publish","has-post-thumbnail","hentry"],"_links":{"self":[{"href":"http:\/\/rossdemexico.com\/rv1\/index.php?rest_route=\/wp\/v2\/pages\/6"}],"collection":[{"href":"http:\/\/rossdemexico.com\/rv1\/index.php?rest_route=\/wp\/v2\/pages"}],"about":[{"href":"http:\/\/rossdemexico.com\/rv1\/index.php?rest_route=\/wp\/v2\/types\/page"}],"author":[{"embeddable":true,"href":"http:\/\/rossdemexico.com\/rv1\/index.php?rest_route=\/wp\/v2\/users\/1"}],"replies":[{"embeddable":true,"href":"http:\/\/rossdemexico.com\/rv1\/index.php?rest_route=%2Fwp%2Fv2%2Fcomments&post=6"}],"version-history":[{"count":3,"href":"http:\/\/rossdemexico.com\/rv1\/index.php?rest_route=\/wp\/v2\/pages\/6\/revisions"}],"predecessor-version":[{"id":9,"href":"http:\/\/rossdemexico.com\/rv1\/index.php?rest_route=\/wp\/v2\/pages\/6\/revisions\/9"}],"wp:featuredmedia":[{"embeddable":true,"href":"http:\/\/rossdemexico.com\/rv1\/index.php?rest_route=\/wp\/v2\/media\/11"}],"wp:attachment":[{"href":"http:\/\/rossdemexico.com\/rv1\/index.php?rest_route=%2Fwp%2Fv2%2Fmedia&parent=6"}],"curies":[{"name":"wp","href":"https:\/\/api.w.org\/{rel}","templated":true}]}}