{"id":43,"date":"2016-07-20T15:56:23","date_gmt":"2016-07-20T15:56:23","guid":{"rendered":"http:\/\/rossdemexico.com\/rv1\/?page_id=43"},"modified":"2016-07-20T16:31:11","modified_gmt":"2016-07-20T16:31:11","slug":"division-metal-mecanica","status":"publish","type":"page","link":"http:\/\/rossdemexico.com\/rv1\/?page_id=43","title":{"rendered":"Divisi\u00f3n Metal-mecanica"},"content":{"rendered":"<p>Desarrollo de nuevos Productos . Si tienes alg\u00fan dise\u00f1o en particular nosotros podemos fabricarlo.<\/p>\n<p><a href=\"http:\/\/rossdemexico.com\/rv1\/wp-content\/uploads\/2016\/07\/CATALOGO-METAL-MECANICA.pdf\">CATALOGO METAL-MECANICA<\/a><\/p>\n<a href=\"http:\/\/rossdemexico.com\/rv1\/wp-content\/uploads\/2016\/07\/CATALOGO-METAL-MECANICA.pdf\" class=\"pdfemb-viewer\" style=\"\" data-width=\"max\" data-height=\"max\" data-toolbar=\"bottom\" data-toolbar-fixed=\"off\">CATALOGO-METAL-MECANICA<\/a>\n","protected":false},"excerpt":{"rendered":"<p>Desarrollo de nuevos Productos . Si tienes alg\u00fan dise\u00f1o en particular nosotros podemos fabricarlo. CATALOGO METAL-MECANICA<\/p>\n","protected":false},"author":1,"featured_media":44,"parent":0,"menu_order":0,"comment_status":"closed","ping_status":"closed","template":"","meta":{"footnotes":""},"class_list":["post-43","page","type-page","status-publish","has-post-thumbnail","hentry"],"_links":{"self":[{"href":"http:\/\/rossdemexico.com\/rv1\/index.php?rest_route=\/wp\/v2\/pages\/43"}],"collection":[{"href":"http:\/\/rossdemexico.com\/rv1\/index.php?rest_route=\/wp\/v2\/pages"}],"about":[{"href":"http:\/\/rossdemexico.com\/rv1\/index.php?rest_route=\/wp\/v2\/types\/page"}],"author":[{"embeddable":true,"href":"http:\/\/rossdemexico.com\/rv1\/index.php?rest_route=\/wp\/v2\/users\/1"}],"replies":[{"embeddable":true,"href":"http:\/\/rossdemexico.com\/rv1\/index.php?rest_route=%2Fwp%2Fv2%2Fcomments&post=43"}],"version-history":[{"count":6,"href":"http:\/\/rossdemexico.com\/rv1\/index.php?rest_route=\/wp\/v2\/pages\/43\/revisions"}],"predecessor-version":[{"id":53,"href":"http:\/\/rossdemexico.com\/rv1\/index.php?rest_route=\/wp\/v2\/pages\/43\/revisions\/53"}],"wp:featuredmedia":[{"embeddable":true,"href":"http:\/\/rossdemexico.com\/rv1\/index.php?rest_route=\/wp\/v2\/media\/44"}],"wp:attachment":[{"href":"http:\/\/rossdemexico.com\/rv1\/index.php?rest_route=%2Fwp%2Fv2%2Fmedia&parent=43"}],"curies":[{"name":"wp","href":"https:\/\/api.w.org\/{rel}","templated":true}]}}